{"id":69,"date":"2021-04-09T09:44:15","date_gmt":"2021-04-09T09:44:15","guid":{"rendered":"https:\/\/barbadillosolohayuno.com\/laconsentida\/?page_id=69"},"modified":"2021-04-09T09:50:09","modified_gmt":"2021-04-09T09:50:09","slug":"politica-de-privacidad","status":"publish","type":"page","link":"https:\/\/barbadillosolohayuno.com\/visitas\/politica-de-privacidad\/","title":{"rendered":"Pol\u00edtica de Privacidad"},"content":{"rendered":"<p>[et_pb_section fb_built=\u00bb1&#8243; _builder_version=\u00bb4.9.2&#8243; _module_preset=\u00bbdefault\u00bb][et_pb_row _builder_version=\u00bb4.9.2&#8243; _module_preset=\u00bbdefault\u00bb][et_pb_column type=\u00bb4_4&#8243; _builder_version=\u00bb4.9.2&#8243; _module_preset=\u00bbdefault\u00bb][et_pb_text _builder_version=\u00bb4.9.2&#8243; _module_preset=\u00bbdefault\u00bb]<\/p>\n<div class=\"et_pb_module et_pb_text et_pb_text_1  et_pb_text_align_left et_pb_bg_layout_light\">\n<div class=\"et_pb_text_inner\">\n<section id=\"h.p_PvPtzGzDnCNe\">\n<div>\n<div tabindex=\"-1\">\n<div>\n<div>\n<div jscontroller=\"sGwD4d\" jsaction=\"zXBUYb:zTPCnb;zQF9Uc:Qxe3nd;\" jsname=\"F57UId\">\n<div>\n<div id=\"h.p_xYGjlp6hnCNY\">\n<div>\n<div>\n<h2 jscontroller=\"Ae65rd\" jsaction=\"touchstart:UrsOsc; click:KjsqPd; focusout:QZoaZ; mouseover:y0pDld; mouseout:dq0hvd;fv1Rjc:jbFSOd;CrfLRd:SzACGe;\">INFORMACI\u00d3N B\u00c1SICA SOBRE PROTECCI\u00d3N DE DATOS<\/h2>\n<p id=\"h.p_kJof8wRInXnS\"><strong>Responsable:<\/strong><span>\u00a0<\/span>BODEGAS BARBADILLO S.L.<span>\u00a0<\/span><a href=\"https:\/\/tienda.barbadillo.com\/politica-de-privacidad\/#responsable\" data-et-has-event-already=\"true\"><\/a><\/p>\n<p id=\"h.p_ze-GnUqjnXrD\"><strong>Finalidad:<\/strong><span>\u00a0<\/span><a href=\"https:\/\/tienda.barbadillo.com\/politica-de-privacidad\/#finalidad\" data-et-has-event-already=\"true\"><\/a><\/p>\n<ol>\n<li id=\"h.p_F2tqft-qnXrD\">Gesti\u00f3n de compras.<\/li>\n<li id=\"h.p_FyCjYkO-nXrE\">Env\u00edo de informaci\u00f3n sobre ofertas de productos y servicios.<\/li>\n<li id=\"h.p_SuSC3IAhnXrG\">Gesti\u00f3n de eventos y concursos.<\/li>\n<li id=\"h.p_vG89D5r-nXrH\">Gesti\u00f3n de contenidos y navegaci\u00f3n en sitio Web.<\/li>\n<\/ol>\n<p id=\"h.p_C68bW5s6shq3\"><strong>Legitimaci\u00f3n:<\/strong><span>\u00a0<\/span>Relaci\u00f3n contractual, consentimiento del interesado, inter\u00e9s leg\u00edtimo<span>\u00a0<\/span><a href=\"https:\/\/tienda.barbadillo.com\/politica-de-privacidad\/#legitimacion\" data-et-has-event-already=\"true\"><\/a><\/p>\n<p id=\"h.p_lXu-u3zPr5R_\"><strong>Destinatarios de los datos:<\/strong><span>\u00a0<\/span>No vendemos ni venderemos tus datos personales a terceros<span>\u00a0<\/span><a href=\"https:\/\/tienda.barbadillo.com\/politica-de-privacidad\/#destinatarios\" data-et-has-event-already=\"true\"><\/a><\/p>\n<p id=\"h.p_wYVRRSiWnXrJ\"><strong>Derechos:<\/strong><span>\u00a0<\/span><a href=\"https:\/\/tienda.barbadillo.com\/politica-de-privacidad\/#derechos\" data-et-has-event-already=\"true\"><\/a><\/p>\n<ul>\n<ul>\n<ul>\n<ul>\n<li id=\"h.p_pyj9LFs3nqPR\">Acceder, rectificar y suprimir los datos, as\u00ed como otros derechos, como se explica en la informaci\u00f3n adicional<\/li>\n<\/ul>\n<\/ul>\n<\/ul>\n<\/ul>\n<\/div>\n<\/div>\n<\/div>\n<\/div>\n<\/div>\n<\/div>\n<\/div>\n<\/div>\n<\/div>\n<\/section>\n<section id=\"h.p_0F3ofYZFms85\">\n<div><\/div>\n<div>\n<div tabindex=\"-1\">\n<div>\n<div>\n<div jscontroller=\"sGwD4d\" jsaction=\"zXBUYb:zTPCnb;zQF9Uc:Qxe3nd;\" jsname=\"F57UId\">\n<div>\n<div id=\"h.p_weD_myPLms8v\">\n<div>\n<div>\n<p id=\"h.p_KYdiczhyms81\" dir=\"ltr\">Bodegas Barbadillo SL nos comprometemos al 100% en proteger la privacidad y seguridad de nuestros clientes y los visitantes de nuestro sitio web (es decir tu) y valoramos y respetamos la importancia que la privacidad merece.<\/p>\n<p id=\"h.p_2QrYmtHmnwqq\" dir=\"ltr\">Como titular del sitio web, expone en esta secci\u00f3n la Pol\u00edtica de Privacidad corporativa, que describe las pr\u00e1cticas de privacidad de Barbadillo y sus filiales (en adelante \u201cBarbadillo\u201d o la \u201cEmpresa\u201d) en lo que respecta al uso de los sitios Web de la Empresa, servicios y productos relacionados ofrecidos por Barbadillo (de forma colectiva, los \u201cServicios\u201d).<\/p>\n<\/div>\n<\/div>\n<\/div>\n<\/div>\n<\/div>\n<\/div>\n<\/div>\n<\/div>\n<\/div>\n<\/section>\n<p id=\"h.p_X9VBkNlDpXNc\">\n<\/div>\n<\/div>\n<div id=\"responsable\" class=\"et_pb_module et_pb_text et_pb_text_2  et_pb_text_align_left et_pb_bg_layout_light\">\n<div class=\"et_pb_text_inner\">\n<section id=\"h.p_PvPtzGzDnCNe\">\n<div>\n<div tabindex=\"-1\">\n<div>\n<div>\n<div jscontroller=\"sGwD4d\" jsaction=\"zXBUYb:zTPCnb;zQF9Uc:Qxe3nd;\" jsname=\"F57UId\">\n<div>\n<div id=\"h.p_xYGjlp6hnCNY\">\n<div>\n<div><\/div>\n<\/div>\n<\/div>\n<\/div>\n<\/div>\n<\/div>\n<\/div>\n<\/div>\n<\/div>\n<\/section>\n<section id=\"h.p_0F3ofYZFms85\">\n<div>\n<div tabindex=\"-1\">\n<div>\n<div>\n<div jscontroller=\"sGwD4d\" jsaction=\"zXBUYb:zTPCnb;zQF9Uc:Qxe3nd;\" jsname=\"F57UId\">\n<div>\n<div id=\"h.p_weD_myPLms8v\">\n<div>\n<div>\n<h2 dir=\"ltr\">INFORMACI\u00d3N ADICIONAL SOBRE PROTECCI\u00d3N DE DATOS<\/h2>\n<\/div>\n<\/div>\n<\/div>\n<\/div>\n<\/div>\n<\/div>\n<\/div>\n<\/div>\n<\/div>\n<\/section>\n<h3><strong>Responsable del tratamiento<\/strong><\/h3>\n<ul dir=\"ltr\">\n<li id=\"h.p_jK0YywaamtPA\">Identidad: Bodegas Barbadillo SL CIF: B11514601<\/li>\n<li id=\"h.p_nbJew_5GmtPC\">Datos Registrales: Inscrita en el Registro Mercantil de C\u00e1diz el 18-06-2001, Tomo 1456, Folio 1, Secci\u00f3n 8, Hoja CA-20599 \u2013 Inscripci\u00f3n 1\u00aa \u2013 CIF B11514601<\/li>\n<li id=\"h.p_Nw2kFWIlmtPE\">Dir. Postal: Luis de Eguilaz 11, 11540 Sanl\u00facar de Barrameda CADIZ<\/li>\n<li id=\"h.p_lK_qPce5mtPH\">Tel\u00e9fono: 956385500<\/li>\n<li id=\"h.p_5B2IvsjxmtPJ\">Email:<span>\u00a0<\/span><a href=\"mailto:rgpd@barbadillo.com\" target=\"_blank\" rel=\"noopener noreferrer\">rgpd@barbadillo.com<\/a><\/li>\n<\/ul>\n<h3 jscontroller=\"Ae65rd\" jsaction=\"touchstart:UrsOsc; click:KjsqPd; focusout:QZoaZ; mouseover:y0pDld; mouseout:dq0hvd;fv1Rjc:jbFSOd;CrfLRd:SzACGe;\"><strong>Origen de los datos<\/strong><\/h3>\n<p id=\"h.p_ewUdbXupmtPN\" dir=\"ltr\">Barbadillo puede obtener informaci\u00f3n sobre el usuario a trav\u00e9s:<\/p>\n<ul dir=\"ltr\">\n<li id=\"h.p_j7NVmJJTRbNu\">El usuario facilita informaci\u00f3n a trav\u00e9s de la web cuando contrata un servicio y\/o realiza una compra, solicita informaci\u00f3n a trav\u00e9s del formulario de contacto.\n<ul>\n<li id=\"h.p_NUEYVo4CRbNx\">En el momento de recoger sus datos, se le informar\u00e1 sobre la identidad del responsable del tratamiento, la finalidad del mismo, los destinatarios y la forma de ejercer los derechos que le asisten.<\/li>\n<\/ul>\n<\/li>\n<li>Informaci\u00f3n durante la navegaci\u00f3n por la web para mejorar su experiencia de usuario. Direcci\u00f3n ip, navegador, sistema operativo, \u2026 Esta informaci\u00f3n se encuentra detallada en nuestra pol\u00edtica de cookies.<\/li>\n<\/ul>\n<\/div>\n<\/div>\n<div id=\"finalidad\" class=\"et_pb_module et_pb_text et_pb_text_3  et_pb_text_align_left et_pb_bg_layout_light\">\n<div class=\"et_pb_text_inner\">\n<section id=\"h.p_PvPtzGzDnCNe\">\n<div tabindex=\"-1\">\n<div jscontroller=\"sGwD4d\" jsaction=\"zXBUYb:zTPCnb;zQF9Uc:Qxe3nd;\" jsname=\"F57UId\">\n<h3 id=\"h.p_xYGjlp6hnCNY\"><strong>Finalidad del tratamiento<\/strong><\/h3>\n<\/div>\n<\/div>\n<\/section>\n<p id=\"h.p_d2z7KqwqmtPQ\" dir=\"ltr\">En Bodegas Barbadillo SL tratamos sus datos de car\u00e1cter personal exclusivamente para fines determinados, expl\u00edcitos y leg\u00edtimos, y no ser\u00e1n tratados de manera incompatible con dichos fines..<\/p>\n<ul>\n<li dir=\"ltr\">Navegaci\u00f3n por la web:\n<ul>\n<li dir=\"ltr\">Finalidad: An\u00e1lisis estad\u00edsticos<\/li>\n<\/ul>\n<\/li>\n<li dir=\"ltr\">Registro de usuario en la web:\n<ul>\n<li dir=\"ltr\">Finalidad: An\u00e1lisis estad\u00edsticos<\/li>\n<\/ul>\n<\/li>\n<li dir=\"ltr\">Formulario de contacto:\n<ul>\n<li dir=\"ltr\">Finalidad: Gesti\u00f3n y resoluci\u00f3n de la consulta.<\/li>\n<\/ul>\n<\/li>\n<li dir=\"ltr\">Realiza una compra:\n<ul>\n<li dir=\"ltr\">Finalidad: Los datos se tratar\u00e1n para llevar a cabo labores administrativas y contables. Realizar encuestas de satisfacci\u00f3n<\/li>\n<\/ul>\n<\/li>\n<li dir=\"ltr\">Acepta recibir comunicaciones comerciales:\n<ul>\n<li dir=\"ltr\">Finalidad: Enviar informaci\u00f3n de inter\u00e9s, ofertas, \u2026<\/li>\n<\/ul>\n<\/li>\n<li dir=\"ltr\">Concursos y promociones:<\/li>\n<ul>\n<li dir=\"ltr\">Finalidad: Gestionar la participaci\u00f3n. Publicidad de los resultados del concurso<\/li>\n<\/ul>\n<\/ul>\n<\/div>\n<\/div>\n<div id=\"legitimacion\" class=\"et_pb_module et_pb_text et_pb_text_4  et_pb_text_align_left et_pb_bg_layout_light\">\n<div class=\"et_pb_text_inner\">\n<h3><strong>Legitimaci\u00f3n del tratamiento de datos<\/strong><\/h3>\n<p jsname=\"haAclf\">A continuaci\u00f3n indicamos la legitimaci\u00f3n para cada una de las finalidades de recogida de datos:<\/p>\n<ul>\n<li>Navegaci\u00f3n por la web:\n<ul>\n<li>Legitimaci\u00f3n: Inter\u00e9s leg\u00edtimo de la Empresa<\/li>\n<\/ul>\n<\/li>\n<li>Registro de usuario en la web:\n<ul>\n<li>Legitimaci\u00f3n: Inter\u00e9s leg\u00edtimo de la Empresa<\/li>\n<\/ul>\n<\/li>\n<li>Formulario de contacto:\n<ul>\n<li>Legitimaci\u00f3n: Inter\u00e9s leg\u00edtimo de la Empresa<\/li>\n<\/ul>\n<\/li>\n<li>Realiza una compra:\n<ul>\n<li>Legitimaci\u00f3n: Consentimiento del usuario<\/li>\n<li>Legitimaci\u00f3n: Ejecuci\u00f3n del contrato<\/li>\n<li>Legitimaci\u00f3n: Inter\u00e9s leg\u00edtimo de la empresa<\/li>\n<li>Legitimaci\u00f3n: Obligaci\u00f3n legal<\/li>\n<\/ul>\n<\/li>\n<li>Acepta recibir comunicaciones comerciales:\n<ul>\n<li>Legitimaci\u00f3n: Consentimiento del usuario<\/li>\n<\/ul>\n<\/li>\n<li>Concursos y promociones:\n<ul>\n<li>Legitimaci\u00f3n: Consentimiento del usuario<\/li>\n<li>Legitimaci\u00f3n: Ejecuci\u00f3n del contrato<\/li>\n<li>Legitimaci\u00f3n: Inter\u00e9s leg\u00edtimo de la empresa<\/li>\n<\/ul>\n<\/li>\n<\/ul>\n<h3><strong><\/strong><\/h3>\n<h3><strong>Durante cu\u00e1nto tiempo conservemos tus datos<\/strong><\/h3>\n<ul>\n<li id=\"h.p_Kv4Y60bumtPV\">La Informaci\u00f3n del Cliente se conservar\u00e1 mientras se mantenga la relaci\u00f3n contractual con el mismo y, cuando los datos puedan ser necesarios para determinar responsabilidades derivadas de la relaci\u00f3n contractual.<\/li>\n<li id=\"h.p_5d_TZqeTou34\">La Informaci\u00f3n de Contacto Necesaria de Asistentes a eventos y Visitantes web se conservar\u00e1 durante el tiempo necesario para la tramitaci\u00f3n del evento o la respuesta de la consulta.<\/li>\n<\/ul>\n<p>La Informaci\u00f3n de Contacto Necesaria de los suscriptores a nuestros \u201cnewsletters\u201d se mantendr\u00e1 en el sistema de forma indefinida en tanto el interesado no solicite su supresi\u00f3n.<\/p>\n<\/div>\n<\/div>\n<div id=\"destinatario\" class=\"et_pb_module et_pb_text et_pb_text_5  et_pb_text_align_left et_pb_bg_layout_light\">\n<div class=\"et_pb_text_inner\">\n<section id=\"h.p_PvPtzGzDnCNe\">\n<div>\n<div tabindex=\"-1\">\n<div>\n<div>\n<div jscontroller=\"sGwD4d\" jsaction=\"zXBUYb:zTPCnb;zQF9Uc:Qxe3nd;\" jsname=\"F57UId\">\n<div>\n<div id=\"h.p_xYGjlp6hnCNY\"><\/div>\n<\/div>\n<\/div>\n<\/div>\n<\/div>\n<\/div>\n<\/div>\n<\/section>\n<h3><strong>Destinatarios de los datos<\/strong><\/h3>\n<p>No vendemos ni venderemos tus datos personales a terceros y creemos que esto es absolutamente b\u00e1sico para ti.<\/p>\n<p id=\"h.p_Jue1-2nOmtPc\" dir=\"ltr\">\u00danicamente cederemos tus datos al resto de empresas del GRUPO BARBADILLO por motivos de gesti\u00f3n interna y para poder ampliar la oferta de productos que podemos ofrecerte.<\/p>\n<ul dir=\"ltr\">\n<li id=\"h.p_Q1iU8lZPmtPd\">Bodega Pirineos SA, Ctra. Barbastro-Naval Km 3,5 Barbastro 22300, HUESCA CIF: A22158281. T. 974311289<\/li>\n<li id=\"h.p_Fo6-UWFomtPe\">Bodegas y Vi\u00f1edos Vega Real SL, Ctra. N-122 \u2013 Km. 298,6 Castrillo del Duero, 47318 Valladolid CIF: B81637142. T. 983881580<\/li>\n<li id=\"h.p_nYPiRjE4mtPf\">Embassy Wines &amp; Food Company, Luis de Eguilaz 11 1540 Sanl\u00facar de Barrameda CADIZ, CIF: A11021086. T. 956385500<\/li>\n<\/ul>\n<p id=\"h.p_1L__bES6mtPg\" dir=\"ltr\">Asimismo se ceder\u00e1n a terceras empresas proveedoras de servicios que prestan servicios a la Empresa en relaci\u00f3n los servicios que se prestan al Usuario, tales como:<\/p>\n<ul dir=\"ltr\">\n<li id=\"h.p_Vi6CdgXCmtPl\">Proveedores de servicios tecnol\u00f3gicos: Sistemas e IT, desarrollo y alojamiento de p\u00e1ginas web, alojamiento de datos, env\u00edos de comunicaciones.<\/li>\n<li id=\"h.p_Yv2zn6BTmtPm\">Proveedores de servicios relacionados con marketing y publicidad<\/li>\n<li id=\"h.p_IVhdkgSBmtPn\">Entidades financieras<\/li>\n<\/ul>\n<p id=\"h.p__yDdU_aBmtPo\" dir=\"ltr\">Cuando as\u00ed lo exija la legislaci\u00f3n vigente y en cumplimiento de sus obligaciones por parte de la Empresa, los datos podr\u00e1n comunicarse a Administraciones.<\/p>\n<p id=\"h.p_B6aUoHg7gaO9\" dir=\"ltr\">Le informamos que, en algunos casos, alguno de los destinatarios de los datos anteriormente citados (proveedores de servicios ) puede estar ubicado fuera de la Uni\u00f3n Europea. En tal caso, sus datos ser\u00e1n transferidos con las garant\u00edas adecuadas y guardando la seguridad de sus datos:<\/p>\n<p id=\"h.p_O9Pz_VoPgam5\" dir=\"ltr\">a) Bien porque los destinatarios est\u00e1n ubicados en terceros pa\u00edses que cuentan con decisi\u00f3n de adecuaci\u00f3n aprobada por la Comisi\u00f3n Europea<\/p>\n<p id=\"h.p_J7a22Vtogam9\" dir=\"ltr\">b) Bien porque los destinatarios est\u00e1n certificados en Privacy Shield<\/p>\n<p id=\"h.p_sYAgE8F6ganB\" dir=\"ltr\">Por otra parte indicarte que el grupo Barbadillo tiene su infraestructura virtual para este concurso seg\u00fan modelo de computaci\u00f3n en la nube a trav\u00e9s de AWS al amparo del acuerdo EU-US Privacy Shield. Informaci\u00f3n disponible en<\/p>\n<p id=\"h.p_UTbYPgdogg-v\" dir=\"ltr\"><a href=\"https:\/\/www.privacyshield.gov\/participant?id=a2zt0000000TOWQAA4\" target=\"_blank\" rel=\"noopener noreferrer\" title=\"https:\/\/www.privacyshield.gov\">https:\/\/www.privacyshield.gov\/participant?id=a2zt0000000TOWQAA4<\/a><\/p>\n<p id=\"h.p_51uNUdxQganN\" dir=\"ltr\">c) Bien porque con los destinatarios la Empresa ha firmado Cl\u00e1usulas Contractuales Tipo aprobadas por la Comisi\u00f3n<\/p>\n<p id=\"h.p_L1Cysng6ganP\" dir=\"ltr\"><a href=\"https:\/\/ec.europa.eu\/info\/law\/law-topic\/data-protection\/international-dimension-data-protection\/standard-contractual-clauses-scc_en\" target=\"_blank\" rel=\"noopener noreferrer\" title=\"https:\/\/ec.europa.eu\">https:\/\/ec.europa.eu\/info\/law\/law-topic\/data-protection\/international-dimension-data-protection\/standard-contractual-clauses-scc_en<\/a><\/p>\n<p id=\"h.p_X9VBkNlDpXNc\">\n<\/div>\n<\/div>\n<div id=\"derechos\" class=\"et_pb_module et_pb_text et_pb_text_6  et_pb_text_align_left et_pb_bg_layout_light\">\n<div class=\"et_pb_text_inner\">\n<section id=\"h.p_PvPtzGzDnCNe\">\n<div>\n<div tabindex=\"-1\">\n<div>\n<div>\n<div jscontroller=\"sGwD4d\" jsaction=\"zXBUYb:zTPCnb;zQF9Uc:Qxe3nd;\" jsname=\"F57UId\">\n<div><\/div>\n<\/div>\n<\/div>\n<\/div>\n<\/div>\n<\/div>\n<\/section>\n<h3 jscontroller=\"Ae65rd\" jsaction=\"touchstart:UrsOsc; click:KjsqPd; focusout:QZoaZ; mouseover:y0pDld; mouseout:dq0hvd;fv1Rjc:jbFSOd;CrfLRd:SzACGe;\"><\/h3>\n<h3 jscontroller=\"Ae65rd\" jsaction=\"touchstart:UrsOsc; click:KjsqPd; focusout:QZoaZ; mouseover:y0pDld; mouseout:dq0hvd;fv1Rjc:jbFSOd;CrfLRd:SzACGe;\"><strong>Tus derechos<\/strong><\/h3>\n<p id=\"h.p_d8qhDJ8ymtPr\" dir=\"ltr\">C\u00f3mo ejercitar los derechos: Los usuarios pueden dirigir una comunicaci\u00f3n por escrito al domicilio social de Bodegas Barbadillo o a la direcci\u00f3n de correo electr\u00f3nico indicada en el encabezamiento de este aviso legal, incluyendo en ambos casos fotocopia de su DNI u otro documento de identificaci\u00f3n similar, para solicitar el ejercicio de los derechos siguientes:<\/p>\n<ul dir=\"ltr\">\n<li id=\"h.p_05wDSYxcmtPs\">Derecho a solicitar el acceso a los datos personales: usted podr\u00e1 preguntar a Barbadillo si esta empresa est\u00e1 tratando sus datos.<\/li>\n<li id=\"h.p_qV9gstrkmtPt\">Derecho a solicitar su rectificaci\u00f3n (en caso de que sean incorrectos) o supresi\u00f3n.<\/li>\n<li id=\"h.p_aJtO0xvbmtPu\">Derecho a solicitar la limitaci\u00f3n de su tratamiento, en cuyo caso \u00fanicamente ser\u00e1n conservados por Barbadillo para el ejercicio o la defensa de reclamaciones.<\/li>\n<li id=\"h.p_OQQ6ytfHmtPu\">Derecho a oponerse al tratamiento: Barbadillo dejar\u00e1 de tratar los datos en la forma que usted indique, salvo que por motivos leg\u00edtimos imperiosos o el ejercicio o la defensa de posibles reclamaciones se tengan que seguir tratando.<\/li>\n<li>Derecho a la portabilidad de los datos: en caso de que quiera que sus datos sean tratados por otra firma, Barbadillo le facilitar\u00e1 la portabilidad de sus datos al nuevo responsable.<\/li>\n<\/ul>\n<p id=\"h.p_1AE2gM9cmtPw\" dir=\"ltr\">Modelos, formularios y m\u00e1s informaci\u00f3n sobre los derechos referidos:<span>\u00a0<\/span><a href=\"https:\/\/www.aepd.es\/es\" target=\"_blank\" rel=\"noopener noreferrer\" title=\"P\u00e1gina oficial de la Agencia Espa\u00f1ola de Protecci\u00f3n de Datos\">P\u00e1gina oficial de la Agencia Espa\u00f1ola de Protecci\u00f3n de Datos<\/a><\/p>\n<p id=\"h.p_QKysRdt5mtPx\" dir=\"ltr\">Posibilidad de retirar el consentimiento: en el caso de que se haya otorgado el consentimiento para alguna finalidad espec\u00edfica, usted tiene derecho a retirar el consentimiento en cualquier momento, sin que ello afecte a la licitud del tratamiento basado en el consentimiento previo a su retirada.<\/p>\n<p id=\"h.p_q0OV1j7PmtPy\" dir=\"ltr\">C\u00f3mo reclamar ante la Autoridad de Control: Si un usuario considera que hay un problema con la forma en que Barbadillo est\u00e1 manejando sus datos, puede dirigir sus reclamaciones al Responsable de Seguridad de Barbadillo o a la<span>\u00a0<\/span><a href=\"https:\/\/www.aepd.es\/es\" target=\"_blank\" rel=\"noopener noreferrer\" title=\"P\u00e1gina oficial de la Agencia Espa\u00f1ola de Protecci\u00f3n de Datos\">autoridad de protecci\u00f3n de datos<\/a><span>\u00a0<\/span>que corresponda, siendo la<span>\u00a0<\/span><a href=\"https:\/\/www.aepd.es\/es\" target=\"_blank\" rel=\"noopener noreferrer\" title=\"P\u00e1gina oficial de la Agencia Espa\u00f1ola de Protecci\u00f3n de Datos\">Agencia Espa\u00f1ola de Protecci\u00f3n de Datos<\/a><span>\u00a0<\/span>la indicada en el caso de Espa\u00f1a.<\/p>\n<p id=\"h.p_McBevFrmmtPz\" dir=\"ltr\"><strong>MENSAJES DE MARKETING<\/strong><\/p>\n<p id=\"h.p_kp7mx3oImtPz\" dir=\"ltr\">Si indicas que podemos hacerlo, te enviaremos mensajes de marketing por email para mantenerte al d\u00eda de de todas las novedades y productos de nuestras empresas.<\/p>\n<p id=\"h.p_zHm2zRGCmtP0\" dir=\"ltr\"><strong>COMO DEJAR DE RECIBIR MENSAJES DE MARKETING DE BARBADILLO<\/strong><\/p>\n<p id=\"h.p_zuK2cF3YmtP3\" dir=\"ltr\">Puedes dejar de recibir nuestros mensajes de marketing en cualquier momento. Puedes hacer lo siguiente:<\/p>\n<ul dir=\"ltr\">\n<li id=\"h.p_ADIaXalamtP3\">Hacer clic en el enlace Cancelar suscripci\u00f3n de cualquier email que recibas<\/li>\n<li id=\"h.p_90Fb-VxImtP4\">Ponerte en contacto con nosotros a trav\u00e9s de rgpd@barbadillo.com<\/li>\n<\/ul>\n<p id=\"h.p_4NT0iOakmtP5\" dir=\"ltr\">Cuando lo hagas actualizaremos tu perfil para garantizar que dejas de recibir m\u00e1s mensajes de marketing.<\/p>\n<div jscontroller=\"Ae65rd\" jsaction=\"touchstart:UrsOsc; click:KjsqPd; focusout:QZoaZ; mouseover:y0pDld; mouseout:dq0hvd;fv1Rjc:jbFSOd;CrfLRd:SzACGe;\">\n<div jsname=\"haAclf\"><\/div>\n<\/div>\n<h3 jscontroller=\"Ae65rd\" jsaction=\"touchstart:UrsOsc; click:KjsqPd; focusout:QZoaZ; mouseover:y0pDld; mouseout:dq0hvd;fv1Rjc:jbFSOd;CrfLRd:SzACGe;\"><strong><\/strong><\/h3>\n<h3 jscontroller=\"Ae65rd\" jsaction=\"touchstart:UrsOsc; click:KjsqPd; focusout:QZoaZ; mouseover:y0pDld; mouseout:dq0hvd;fv1Rjc:jbFSOd;CrfLRd:SzACGe;\"><strong>Confidencialidad<\/strong><\/h3>\n<p id=\"h.p_ylT765n8o_bN\">Los datos personales que se puedan recoger ser\u00e1n tratados con absoluta confidencialidad, comprometi\u00e9ndonos a guardar secreto respecto de los mismos y garantizando el deber de guardarlos adoptando todas las medidas necesarias que eviten su alteraci\u00f3n, p\u00e9rdida y tratamiento o acceso no autorizado, de acuerdo con lo establecido en la legislaci\u00f3n aplicable<\/p>\n<div jscontroller=\"Ae65rd\" jsaction=\"touchstart:UrsOsc; click:KjsqPd; focusout:QZoaZ; mouseover:y0pDld; mouseout:dq0hvd;fv1Rjc:jbFSOd;CrfLRd:SzACGe;\">\n<div jsname=\"haAclf\"><\/div>\n<\/div>\n<h3 jscontroller=\"Ae65rd\" jsaction=\"touchstart:UrsOsc; click:KjsqPd; focusout:QZoaZ; mouseover:y0pDld; mouseout:dq0hvd;fv1Rjc:jbFSOd;CrfLRd:SzACGe;\"><\/h3>\n<h3 jscontroller=\"Ae65rd\" jsaction=\"touchstart:UrsOsc; click:KjsqPd; focusout:QZoaZ; mouseover:y0pDld; mouseout:dq0hvd;fv1Rjc:jbFSOd;CrfLRd:SzACGe;\"><strong>Seguridad<\/strong><\/h3>\n<p id=\"h.p_hgvyTT24mtP7\">Barbadillo adopta estrictas medidas de seguridad para proteger los datos de car\u00e1cter personal frente a p\u00e9rdidas, destrucci\u00f3n, da\u00f1o accidental y accesos, tratamientos o revelaciones no autorizadas o il\u00edcitas. Cuando recibimos sus datos personales, utilizamos rigurosos procedimientos y funciones de seguridad para impedir cualquier acceso no autorizado.<\/p>\n<p id=\"h.p_PVfbtCWipIbx\">A tal fin, Barbadillo evaluar\u00e1 los riesgos inherentes al tratamiento (probabilidad de materializaci\u00f3n e impacto), y aplicar\u00e1 medidas para mitigarlos, las cuales garantizar\u00e1n un nivel de seguridad adecuado, incluida la confidencialidad, teniendo en cuenta el estado de la t\u00e9cnica, el coste de aplicaci\u00f3n y la naturaleza, alcance, contexto y fines de tratamiento con respecto a los riesgos la naturaleza de los datos personales que deban protegerse.<\/p>\n<p id=\"h.p_3s-k4_BfpIbx\">Las acciones descritas en esta secci\u00f3n y apropiadas para garantizar un nivel de seguridad adecuado para el riesgo detectado incluir\u00e1n las siguientes medidas:<\/p>\n<ol>\n<li id=\"h.p_qTtHGB5KpIby\">Seudonimizaci\u00f3n y el cifrado de datos personales, cuando proceda.<\/li>\n<li id=\"h.p_kEIGtcRDpIbz\">Medidas capaces de garantizar la confidencialidad, integridad, disponibilidad y resiliencia permanentes de los sistemas y servicios de tratamiento.<\/li>\n<li id=\"h.p_bGkoHxmvpIbz\">Medidas capaces de restaurar la disponibilidad y el acceso a los datos personales de forma r\u00e1pida en caso de incidente f\u00edsico o t\u00e9cnico.<\/li>\n<li id=\"h.p_0BTamQL5pIbz\">Existencia de un proceso de verificaci\u00f3n, evaluaci\u00f3n y valoraci\u00f3n regulares de la eficacia de las medidas t\u00e9cnicas y organizativas para garantizar la seguridad del tratamiento.<\/li>\n<li id=\"h.p_gK7rtB-2pIb0\">Evaluaci\u00f3n peri\u00f3dica del riesgo de destrucci\u00f3n, p\u00e9rdida o alteraci\u00f3n accidental o il\u00edcita de datos personales transmitidos, conservados o tratados de otra forma, o la comunicaci\u00f3n o acceso no autorizados a dichos datos.<\/li>\n<li id=\"h.p_-g1GaKyepIb0\">Medidas para garantizar que cualquier persona que act\u00fae bajo la autoridad de Barbadillo y tenga acceso a datos personales solo pueda tratar dichos datos siguiendo instrucciones de Barbadillo.<\/li>\n<\/ol>\n<div jscontroller=\"Ae65rd\" jsaction=\"touchstart:UrsOsc; click:KjsqPd; focusout:QZoaZ; mouseover:y0pDld; mouseout:dq0hvd;fv1Rjc:jbFSOd;CrfLRd:SzACGe;\">\n<div jsname=\"haAclf\"><\/div>\n<\/div>\n<h3 jscontroller=\"Ae65rd\" jsaction=\"touchstart:UrsOsc; click:KjsqPd; focusout:QZoaZ; mouseover:y0pDld; mouseout:dq0hvd;fv1Rjc:jbFSOd;CrfLRd:SzACGe;\"><\/h3>\n<h3 jscontroller=\"Ae65rd\" jsaction=\"touchstart:UrsOsc; click:KjsqPd; focusout:QZoaZ; mouseover:y0pDld; mouseout:dq0hvd;fv1Rjc:jbFSOd;CrfLRd:SzACGe;\"><strong>Modificaci\u00f3n de la Pol\u00edtica de Privacidad<\/strong><\/h3>\n<p id=\"h.p_pxmAu21XpQz2\">Barbadillo se reserva el derecho a modificar su Pol\u00edtica de Privacidad, de acuerdo a su propio criterio, o motivado por un cambio legislativo, jurisprudencial o doctrinal de la Agencia Espa\u00f1ola de Protecci\u00f3n de Datos.<\/p>\n<p id=\"h.p_JJXWWwI_pQz3\">Cualquier modificaci\u00f3n de la Pol\u00edtica de Privacidad ser\u00e1 comunicada antes de su efectiva aplicaci\u00f3n.<\/p>\n<div jscontroller=\"Ae65rd\" jsaction=\"touchstart:UrsOsc; click:KjsqPd; focusout:QZoaZ; mouseover:y0pDld; mouseout:dq0hvd;fv1Rjc:jbFSOd;CrfLRd:SzACGe;\">\n<div jsname=\"haAclf\"><\/div>\n<\/div>\n<h3 jscontroller=\"Ae65rd\" jsaction=\"touchstart:UrsOsc; click:KjsqPd; focusout:QZoaZ; mouseover:y0pDld; mouseout:dq0hvd;fv1Rjc:jbFSOd;CrfLRd:SzACGe;\"><\/h3>\n<h3 jscontroller=\"Ae65rd\" jsaction=\"touchstart:UrsOsc; click:KjsqPd; focusout:QZoaZ; mouseover:y0pDld; mouseout:dq0hvd;fv1Rjc:jbFSOd;CrfLRd:SzACGe;\"><strong>Normativa aplicable<\/strong><\/h3>\n<p id=\"h.p_X9VBkNlDpXNc\">Esta Pol\u00edtica de Privacidad est\u00e1 presidida por el cumplimiento de la legislaci\u00f3n vigente en materia de protecci\u00f3n de datos de car\u00e1cter personal aplicable en los pa\u00edses en los que la Empresa realice operaciones. En particular por: Reglamento (UE) 2016\/679 del parlamento europeo y del consejo de 27 de abril de 2016 relativo a la protecci\u00f3n de las personas f\u00edsicas en lo que respecta al tratamiento de datos personales y a la libre circulaci\u00f3n de estos datos y por el que se deroga la Directiva 95\/46\/CE.<\/p>\n<\/div>\n<\/div>\n<p>[\/et_pb_text][\/et_pb_column][\/et_pb_row][\/et_pb_section]<\/p>\n","protected":false},"excerpt":{"rendered":"<p>INFORMACI\u00d3N B\u00c1SICA SOBRE PROTECCI\u00d3N DE DATOS Responsable:\u00a0BODEGAS BARBADILLO S.L.\u00a0 Finalidad:\u00a0 Gesti\u00f3n de compras. Env\u00edo de informaci\u00f3n sobre ofertas de productos y servicios. Gesti\u00f3n de eventos y concursos. Gesti\u00f3n de contenidos y navegaci\u00f3n en sitio Web. Legitimaci\u00f3n:\u00a0Relaci\u00f3n contractual, consentimiento del interesado, inter\u00e9s leg\u00edtimo\u00a0 Destinatarios de los datos:\u00a0No vendemos ni venderemos tus datos personales a terceros\u00a0 Derechos:\u00a0 [&hellip;]<\/p>\n","protected":false},"author":1,"featured_media":0,"parent":0,"menu_order":0,"comment_status":"closed","ping_status":"closed","template":"","meta":{"_et_pb_use_builder":"on","_et_pb_old_content":"","_et_gb_content_width":"","footnotes":""},"class_list":["post-69","page","type-page","status-publish","hentry"],"_links":{"self":[{"href":"https:\/\/barbadillosolohayuno.com\/visitas\/wp-json\/wp\/v2\/pages\/69"}],"collection":[{"href":"https:\/\/barbadillosolohayuno.com\/visitas\/wp-json\/wp\/v2\/pages"}],"about":[{"href":"https:\/\/barbadillosolohayuno.com\/visitas\/wp-json\/wp\/v2\/types\/page"}],"author":[{"embeddable":true,"href":"https:\/\/barbadillosolohayuno.com\/visitas\/wp-json\/wp\/v2\/users\/1"}],"replies":[{"embeddable":true,"href":"https:\/\/barbadillosolohayuno.com\/visitas\/wp-json\/wp\/v2\/comments?post=69"}],"version-history":[{"count":3,"href":"https:\/\/barbadillosolohayuno.com\/visitas\/wp-json\/wp\/v2\/pages\/69\/revisions"}],"predecessor-version":[{"id":79,"href":"https:\/\/barbadillosolohayuno.com\/visitas\/wp-json\/wp\/v2\/pages\/69\/revisions\/79"}],"wp:attachment":[{"href":"https:\/\/barbadillosolohayuno.com\/visitas\/wp-json\/wp\/v2\/media?parent=69"}],"curies":[{"name":"wp","href":"https:\/\/api.w.org\/{rel}","templated":true}]}}