{"id":599,"date":"2022-04-07T13:30:57","date_gmt":"2022-04-07T11:30:57","guid":{"rendered":"https:\/\/barbadillosolohayuno.com\/visitas\/?page_id=599"},"modified":"2022-04-07T13:54:50","modified_gmt":"2022-04-07T11:54:50","slug":"contacto","status":"publish","type":"page","link":"https:\/\/barbadillosolohayuno.com\/visitas\/contacto\/","title":{"rendered":"Contacto"},"content":{"rendered":"<p>[et_pb_section fb_built=\u00bb1&#8243; _builder_version=\u00bb4.16.1&#8243; _module_preset=\u00bbdefault\u00bb background_image=\u00bbhttps:\/\/barbadillosolohayuno.com\/visitas\/wp-content\/uploads\/sites\/37\/2022\/04\/Imagen2.jpg\u00bb parallax=\u00bbon\u00bb da_disable_devices=\u00bboff|off|off\u00bb global_colors_info=\u00bb{}\u00bb da_is_popup=\u00bboff\u00bb da_exit_intent=\u00bboff\u00bb da_has_close=\u00bbon\u00bb da_alt_close=\u00bboff\u00bb da_dark_close=\u00bboff\u00bb da_not_modal=\u00bbon\u00bb da_is_singular=\u00bboff\u00bb da_with_loader=\u00bboff\u00bb da_has_shadow=\u00bbon\u00bb][et_pb_row column_structure=\u00bb1_2,1_2&#8243; _builder_version=\u00bb4.16.1&#8243; _module_preset=\u00bbdefault\u00bb background_color=\u00bb#e0c594&#8243; width=\u00bb95%\u00bb module_alignment=\u00bbcenter\u00bb custom_padding=\u00bb9px|||||\u00bb border_radii=\u00bboff|50px|50px||\u00bb locked=\u00bboff\u00bb global_colors_info=\u00bb{}\u00bb][et_pb_column type=\u00bb1_2&#8243; _builder_version=\u00bb4.16.1&#8243; _module_preset=\u00bbdefault\u00bb global_colors_info=\u00bb{}\u00bb][et_pb_blurb title=\u00bbLl\u00e1manos + 34 956 38 55 21&#8243; url=\u00bbtel:956385521&#8243; use_icon=\u00bbon\u00bb font_icon=\u00bb&#xe090;||divi||400&#8243; icon_color=\u00bb#000000&#8243; _builder_version=\u00bb4.16.1&#8243; _module_preset=\u00bbdefault\u00bb background_enable_color=\u00bboff\u00bb text_orientation=\u00bbcenter\u00bb custom_padding=\u00bb20px|10px|20px|10px|true|true\u00bb link_option_url=\u00bbtel:956385521&#8243; border_radii=\u00bbon|25px|25px|25px|25px\u00bb global_colors_info=\u00bb{}\u00bb]<\/p>\n<p style=\"text-align: center;\">\u00bfTienes alguna duda? Atenci\u00f3n personalizada<\/p>\n<p>[\/et_pb_blurb][\/et_pb_column][et_pb_column type=\u00bb1_2&#8243; _builder_version=\u00bb4.16.1&#8243; _module_preset=\u00bbdefault\u00bb global_colors_info=\u00bb{}\u00bb][et_pb_blurb title=\u00bbContacta con nosostros\u00bb url=\u00bb#CONTACTO\u00bb use_icon=\u00bbon\u00bb font_icon=\u00bb&#xf0e0;||fa||900&#8243; icon_color=\u00bb#000000&#8243; _builder_version=\u00bb4.16.1&#8243; _module_preset=\u00bbdefault\u00bb background_enable_color=\u00bboff\u00bb text_orientation=\u00bbcenter\u00bb custom_padding=\u00bb20px|10px|20px|10px|true|true\u00bb link_option_url=\u00bb#CONTACTO\u00bb border_radii=\u00bbon|20px|20px|20px|20px\u00bb global_colors_info=\u00bb{}\u00bb]<\/p>\n<p style=\"text-align: center;\">Te resolvemos cualquier duda que tengas<\/p>\n<p>[\/et_pb_blurb][\/et_pb_column][\/et_pb_row][et_pb_row make_equal=\u00bbon\u00bb _builder_version=\u00bb4.16.1&#8243; _module_preset=\u00bbdefault\u00bb width=\u00bb95%\u00bb global_colors_info=\u00bb{}\u00bb][et_pb_column type=\u00bb4_4&#8243; _builder_version=\u00bb4.16.1&#8243; _module_preset=\u00bbdefault\u00bb global_colors_info=\u00bb{}\u00bb][et_pb_code _builder_version=\u00bb4.16.1&#8243; _module_preset=\u00bbdefault\u00bb global_colors_info=\u00bb{}\u00bb]<iframe src=\"https:\/\/www.google.com\/maps\/embed?pb=!1m18!1m12!1m3!1d3195.8386805772184!2d-6.353828934710856!3d36.77443727995387!2m3!1f0!2f0!3f0!3m2!1i1024!2i768!4f13.1!3m3!1m2!1s0xd0dde25102dca1f%3A0x91e209f64438af3a!2sBodegas%20Barbadillo!5e0!3m2!1ses!2ses!4v1649328554949!5m2!1ses!2ses\" width=\"100%\" height=\"450\" style=\"border:0;\" allowfullscreen=\"\" loading=\"lazy\" referrerpolicy=\"no-referrer-when-downgrade\"><\/iframe>[\/et_pb_code][\/et_pb_column][\/et_pb_row][et_pb_row _builder_version=\u00bb4.16.1&#8243; _module_preset=\u00bbdefault\u00bb background_color=\u00bb#FFFFFF\u00bb width=\u00bb95%\u00bb custom_margin=\u00bb25px||||false|false\u00bb custom_padding=\u00bb20px|20px|20px|20px|false|false\u00bb border_radii=\u00bbon|20px|20px|20px|20px\u00bb global_colors_info=\u00bb{}\u00bb locked=\u00bboff\u00bb][et_pb_column type=\u00bb4_4&#8243; _builder_version=\u00bb4.16.1&#8243; _module_preset=\u00bbdefault\u00bb global_colors_info=\u00bb{}\u00bb][et_pb_text _builder_version=\u00bb4.16.1&#8243; _module_preset=\u00bbdefault\u00bb global_colors_info=\u00bb{}\u00bb]<\/p>\n<h3 class=\"et_pb_toggle_title\" style=\"text-align: center;\">INFORMACI\u00d3N B\u00c1SICA SOBRE PROTECCI\u00d3N DE DATOS<\/h3>\n<p style=\"text-align: left;\"><strong>Responsable:<\/strong><\/p>\n<p>Bodega Barbadillo SL C.I.F.: B11514601<\/p>\n<p style=\"text-align: left;\"><span>Luis de Eguilaz 11<\/span><\/p>\n<p style=\"text-align: left;\">11540 Sanl\u00facar de Barrameda, C\u00e1diz, Espa\u00f1a<\/p>\n<p style=\"text-align: left;\"><strong>Finalidad:<\/strong><\/p>\n<p style=\"text-align: left;\">Los datos recogidos de car\u00e1cter personal tienen como finalidad gestionar gestionar sus consultas y ofrecerle productos de acuerdo a sus intereses en caso de aceptar recibir comunicaciones.<\/p>\n<p style=\"text-align: left;\"><strong>Legitimaci\u00f3n:<\/strong><\/p>\n<ul style=\"text-align: left;\">\n<li>El consentimiento proporcionado por el propio interesado<\/li>\n<\/ul>\n<p style=\"text-align: left;\"><strong>Destinatarios:<\/strong><\/p>\n<p style=\"text-align: left;\">No vendemos ni venderemos tus datos personales a terceros y creemos que esto es absolutamente b\u00e1sico para ti.<\/p>\n<p style=\"text-align: left;\">La propia empresa y las administraciones del estado.<\/p>\n<p style=\"text-align: left;\"><strong>Derechos:<\/strong><\/p>\n<ul style=\"text-align: left;\">\n<li>Derecho a solicitar el acceso a los datos personales relativos al interesado<\/li>\n<li>Derecho a solicitar su rectificaci\u00f3n o supresi\u00f3n<\/li>\n<li>Derecho a solicitar la limitaci\u00f3n de su tratamiento en determinados casos<\/li>\n<li>Derecho a oponerse al tratamiento<\/li>\n<li>Derecho a la portabilidad de los datos<\/li>\n<\/ul>\n<p style=\"text-align: left;\">Para ello deber\u00e1 enviar un email a <a href=\"mailto:rgpd@barbadillo\">rgpd@barbadillo.com o <\/a>dirigirse a la direcci\u00f3n postal del responsable acreditando su identidad y comunicando los motivos y el derecho que solicita ejercer<\/p>\n<p style=\"text-align: left;\">Bodegas Barbadillo SL, Luis de Eguilaz 11, 11540 Sanl\u00facar de Barrameda, C\u00e1diz<\/p>\n<p style=\"text-align: left;\">Como titular del sitio web, expone en esta secci\u00f3n la Pol\u00edtica de Privacidad corporativa, que describe las pr\u00e1cticas de privacidad de Bodega Pirineos SA en lo que respecta al uso de los sitios Web de la Empresa, servicios y productos relacionados (de forma colectiva, los \u201cServicios\u201d).<\/p>\n<p style=\"text-align: left;\">Para ver la pol\u00edtica de privacidad completa pulse <a href=\"https:\/\/barbadillosolohayuno.com\/visitas\/politica-de-privacidad\/\" target=\"_blank\" rel=\"noopener\">aqu\u00ed<\/a><\/p>\n<p>[\/et_pb_text][\/et_pb_column][\/et_pb_row][\/et_pb_section][et_pb_section fb_built=\u00bb1&#8243; admin_label=\u00bbPopup &#8211; #CONTACTO\u00bb module_id=\u00bbCONTACTO\u00bb module_class=\u00bbpopup\u00bb _builder_version=\u00bb4.16.1&#8243; _module_preset=\u00bbdefault\u00bb width=\u00bb50%\u00bb width_tablet=\u00bb50%\u00bb width_phone=\u00bb95%\u00bb width_last_edited=\u00bbon|phone\u00bb module_alignment=\u00bbcenter\u00bb da_is_popup=\u00bbon\u00bb da_popup_slug=\u00bbCONTACTO\u00bb da_disable_devices=\u00bboff|off|off\u00bb border_radii=\u00bbon|25px|25px|25px|25px\u00bb locked=\u00bboff\u00bb global_colors_info=\u00bb{}\u00bb da_exit_intent=\u00bboff\u00bb da_has_close=\u00bbon\u00bb da_alt_close=\u00bboff\u00bb da_dark_close=\u00bboff\u00bb da_not_modal=\u00bbon\u00bb da_is_singular=\u00bboff\u00bb da_with_loader=\u00bboff\u00bb da_has_shadow=\u00bbon\u00bb][et_pb_row _builder_version=\u00bb4.16.1&#8243; _module_preset=\u00bbdefault\u00bb global_colors_info=\u00bb{}\u00bb][et_pb_column type=\u00bb4_4&#8243; _builder_version=\u00bb4.16.1&#8243; _module_preset=\u00bbdefault\u00bb global_colors_info=\u00bb{}\u00bb][et_pb_code _builder_version=\u00bb4.16.1&#8243; _module_preset=\u00bbdefault\u00bb global_colors_info=\u00bb{}\u00bb]<div class='fluentform ff-default fluentform_wrapper_1 ffs_default_wrap'><form data-form_id=\"1\" id=\"fluentform_1\" class=\"frm-fluent-form fluent_form_1 ff-el-form-top ff_form_instance_1_1 ff-form-loading ffs_default\" data-form_instance=\"ff_form_instance_1_1\" method=\"POST\" ><fieldset  style=\"border: none!important;margin: 0!important;padding: 0!important;background-color: transparent!important;box-shadow: none!important;outline: none!important; min-inline-size: 100%;\">\n                    <legend class=\"ff_screen_reader_title\" style=\"display: block; margin: 0!important;padding: 0!important;height: 0!important;text-indent: -999999px;width: 0!important;overflow:hidden;\">Contact Form Demo<\/legend><input type='hidden' name='__fluent_form_embded_post_id' value='599' \/><input type=\"hidden\" id=\"_fluentform_1_fluentformnonce\" name=\"_fluentform_1_fluentformnonce\" value=\"47d06fdd69\" \/><input type=\"hidden\" name=\"_wp_http_referer\" value=\"\/visitas\/wp-json\/wp\/v2\/pages\/599\" \/><div data-type=\"name-element\" data-name=\"Nombre\" class=\" ff-field_container ff-name-field-wrapper\" ><div class='ff-t-container'><div class='ff-t-cell '><div class='ff-el-group'><div class=\"ff-el-input--label asterisk-right\"><label for='ff_1_Nombre_first_name_' id='label_ff_1_Nombre_first_name_' >Nombre<\/label><\/div><div class='ff-el-input--content'><input type=\"text\" name=\"Nombre[first_name]\" id=\"ff_1_Nombre_first_name_\" class=\"ff-el-form-control\" placeholder=\"Nombre\" aria-invalid=\"false\" aria-required=false><\/div><\/div><\/div><div class='ff-t-cell '><div class='ff-el-group'><div class=\"ff-el-input--label asterisk-right\"><label for='ff_1_Nombre_last_name_' id='label_ff_1_Nombre_last_name_' >Apellidos<\/label><\/div><div class='ff-el-input--content'><input type=\"text\" name=\"Nombre[last_name]\" id=\"ff_1_Nombre_last_name_\" class=\"ff-el-form-control\" placeholder=\"Apellidos\" aria-invalid=\"false\" aria-required=false><\/div><\/div><\/div><\/div><\/div><div class='ff-el-group'><div class=\"ff-el-input--label ff-el-is-required asterisk-right\"><label for='ff_1_email' id='label_ff_1_email' aria-label=\"Email\">Email<\/label><\/div><div class='ff-el-input--content'><input type=\"email\" name=\"email\" id=\"ff_1_email\" class=\"ff-el-form-control\" placeholder=\"Email \" data-name=\"email\"  aria-invalid=\"false\" aria-required=true><\/div><\/div><div class='ff-el-group'><div class=\"ff-el-input--label asterisk-right\"><label for='ff_1_subject' id='label_ff_1_subject' aria-label=\"Asunto\">Asunto<\/label><\/div><div class='ff-el-input--content'><input type=\"text\" name=\"subject\" class=\"ff-el-form-control\" placeholder=\"Asunto\" data-name=\"subject\" id=\"ff_1_subject\"  aria-invalid=\"false\" aria-required=false><\/div><\/div><div class='ff-el-group'><div class=\"ff-el-input--label ff-el-is-required asterisk-right\"><label for='ff_1_message' id='label_ff_1_message' aria-label=\"Mensaje\">Mensaje<\/label><\/div><div class='ff-el-input--content'><textarea aria-required=\"true\" aria-labelledby=\"label_ff_1_message\" name=\"message\" id=\"ff_1_message\" class=\"ff-el-form-control\" placeholder=\"Mensaje\" rows=\"4\" cols=\"2\" data-name=\"message\" ><\/textarea><\/div><\/div><div class='ff-el-group'><div class=\"ff-el-input--label ff-el-is-required asterisk-right\"><label   aria-label=\"Aceptaci\u00f3n\">Aceptaci\u00f3n<\/label><\/div><div class='ff-el-input--content'><div class='ff-el-form-check ff-el-form-check-'><label class='ff-el-form-check-label' for='checkbox_2b534e6c183c3dea73ef6ca7e0882a9c'><input  type=\"checkbox\" name=\"checkbox[]\" data-name=\"checkbox\" class=\"ff-el-form-check-input ff-el-form-check-checkbox\" value=\"Acepto t\u00e9rminos legales y la pol\u00edtica de privacidad\"  id='checkbox_2b534e6c183c3dea73ef6ca7e0882a9c' aria-label='Acepto t\u00e9rminos legales y la pol\u00edtica de privacidad' aria-invalid='false' aria-required=true> <span>Acepto t\u00e9rminos legales y la pol\u00edtica de privacidad<\/span><\/label><\/div><\/div><\/div><div class='ff-el-group  ff-custom_html' tabindex='-1' data-name=\"custom_html-1_1\" ><p>Puedes consultar nuestros <a href=\"https:\/\/barbadillosolohayuno.com\/condiciones\/\" target=\"_blank\" rel=\"noopener\">t\u00e9rminos legales<\/a> y <a href=\"https:\/\/barbadillosolohayuno.com\/visitas\/politica-de-privacidad\/\" target=\"_blank\" rel=\"noopener\">la pol\u00edtica de privacidad<\/a><\/p><\/div><div class='ff-el-group ff-text-center ff_submit_btn_wrapper'><button type=\"submit\" class=\"ff-btn ff-btn-submit ff-btn-lg ff_btn_style\"  aria-label=\"Enviar\">Enviar<\/button><\/div><\/fieldset><\/form><div id='fluentform_1_errors' class='ff-errors-in-stack ff_form_instance_1_1 ff-form-loading_errors ff_form_instance_1_1_errors'><\/div><\/div>            <script type=\"text\/javascript\">\n                window.fluent_form_ff_form_instance_1_1 = {\"id\":\"1\",\"settings\":{\"layout\":{\"labelPlacement\":\"top\",\"helpMessagePlacement\":\"with_label\",\"errorMessagePlacement\":\"inline\",\"cssClassName\":\"\",\"asteriskPlacement\":\"asterisk-right\"},\"restrictions\":{\"denyEmptySubmission\":{\"enabled\":false}}},\"form_instance\":\"ff_form_instance_1_1\",\"form_id_selector\":\"fluentform_1\",\"rules\":{\"Nombre[first_name]\":{\"required\":{\"value\":false,\"message\":\"This field is required\"}},\"Nombre[middle_name]\":{\"required\":{\"value\":false,\"message\":\"This field is required\"}},\"Nombre[last_name]\":{\"required\":{\"value\":false,\"message\":\"This field is required\"}},\"email\":{\"required\":{\"value\":true,\"message\":\"Campo obligatorio\"},\"email\":{\"value\":true,\"message\":\"Debe ser email v\\u00e1lido\"}},\"subject\":{\"required\":{\"value\":false,\"message\":\"This field is required\"}},\"message\":{\"required\":{\"value\":true,\"message\":\"Campo obligatorio\"}},\"checkbox\":{\"required\":{\"value\":true,\"message\":\"Campo obligatorio\"}}},\"debounce_time\":300};\n                            <\/script>\n            [\/et_pb_code][\/et_pb_column][\/et_pb_row][\/et_pb_section]<\/p>\n","protected":false},"excerpt":{"rendered":"<p>\u00bfTienes alguna duda? Atenci\u00f3n personalizadaTe resolvemos cualquier duda que tengasINFORMACI\u00d3N B\u00c1SICA SOBRE PROTECCI\u00d3N DE DATOS Responsable: Bodega Barbadillo SL C.I.F.: B11514601 Luis de Eguilaz 11 11540 Sanl\u00facar de Barrameda, C\u00e1diz, Espa\u00f1a Finalidad: Los datos recogidos de car\u00e1cter personal tienen como finalidad gestionar gestionar sus consultas y ofrecerle productos de acuerdo a sus intereses en caso [&hellip;]<\/p>\n","protected":false},"author":1,"featured_media":0,"parent":0,"menu_order":0,"comment_status":"closed","ping_status":"closed","template":"","meta":{"_et_pb_use_builder":"on","_et_pb_old_content":"","_et_gb_content_width":"","footnotes":""},"class_list":["post-599","page","type-page","status-publish","hentry"],"_links":{"self":[{"href":"https:\/\/barbadillosolohayuno.com\/visitas\/wp-json\/wp\/v2\/pages\/599"}],"collection":[{"href":"https:\/\/barbadillosolohayuno.com\/visitas\/wp-json\/wp\/v2\/pages"}],"about":[{"href":"https:\/\/barbadillosolohayuno.com\/visitas\/wp-json\/wp\/v2\/types\/page"}],"author":[{"embeddable":true,"href":"https:\/\/barbadillosolohayuno.com\/visitas\/wp-json\/wp\/v2\/users\/1"}],"replies":[{"embeddable":true,"href":"https:\/\/barbadillosolohayuno.com\/visitas\/wp-json\/wp\/v2\/comments?post=599"}],"version-history":[{"count":4,"href":"https:\/\/barbadillosolohayuno.com\/visitas\/wp-json\/wp\/v2\/pages\/599\/revisions"}],"predecessor-version":[{"id":606,"href":"https:\/\/barbadillosolohayuno.com\/visitas\/wp-json\/wp\/v2\/pages\/599\/revisions\/606"}],"wp:attachment":[{"href":"https:\/\/barbadillosolohayuno.com\/visitas\/wp-json\/wp\/v2\/media?parent=599"}],"curies":[{"name":"wp","href":"https:\/\/api.w.org\/{rel}","templated":true}]}}